{"id":22,"date":"2019-10-30T16:54:18","date_gmt":"2019-10-30T15:54:18","guid":{"rendered":"http:\/\/pontillas.be\/wordpress\/?page_id=22"},"modified":"2022-11-03T17:24:12","modified_gmt":"2022-11-03T16:24:12","slug":"location-vaisselle","status":"publish","type":"page","link":"https:\/\/pontillas.be\/wordpress\/index.php\/location-vaisselle\/","title":{"rendered":"Location Vaisselle"},"content":{"rendered":"\n<p><\/p>\n\n\n\n<p>Nous disposons d&#8217;assiettes 1 taille, couverts (fouchette, cuillet, couteau), <\/p>\n\n\n\n<p>verres (champagne, vins, bi\u00e8res &amp; long drink), tasse caf\u00e9, gobelets plastique.<\/p>\n\n\n\n<p>Le montant est de 0,5 \u20ac  par set de vaisselle, \u00e0 verser sur le compte <\/p>\n\n\n\n<p>BE25 0682 2369 7282 lors de la confirmation du comit\u00e9.<\/p>\n\n\n\n<p>La vaisselle doit \u00eatre restitu\u00e9e propre. Lave vaisselle sur place \u00e0 la salle.<\/p>\n\n\n\n<p>Un membre du comit\u00e9 passera vous ouvrir l&#8217;armoire lors de la remise des clefs par la commune.<\/p>\n\n\n\n<p><\/p>\n\n\n\n<p><\/p>\n\n\n\n<p><\/p>\n\n\n<div class=\"everest-forms\"><div class=\"evf-container default\" id=\"evf-21\"><form id=\"evf-form-21\" class=\"everest-form\" data-formid=\"21\" data-ajax_submission=\"0\" data-keyboard_friendly_form=\"0\" method=\"post\" enctype=\"multipart\/form-data\" action=\"\/wordpress\/index.php\/wp-json\/wp\/v2\/pages\/22\"><div class=\"evf-field-container\"><input type=\"hidden\" id=\"_wpnonce21\" name=\"_wpnonce21\" value=\"51bcd61d01\" \/><input type=\"hidden\" name=\"_wp_http_referer\" value=\"\/wordpress\/index.php\/wp-json\/wp\/v2\/pages\/22\" \/><div class=\"evf-frontend-row\" data-row=\"row_1\" conditional_rules=\"[]\"><div class=\"evf-frontend-grid evf-grid-1\" data-grid=\"grid_1\"><div id=\"evf-21-field_fullname-container\" class=\"evf-field evf-field-text form-row validate-required\" data-required-field-message=\"This field is required.\" data-field-id=\"fullname\"><label class=\"evf-field-label\" for=\"evf-21-field_fullname\"><span class=\"evf-label\">Nom &amp; Pr\u00e9nom<\/span> <abbr class=\"required\" title=\"Required\">*<\/abbr><\/label><input type=\"text\" id=\"evf-21-field_fullname\" class=\"input-text\" name=\"everest_forms[form_fields][fullname]\" required><\/div><div id=\"evf-21-field_email-container\" class=\"evf-field evf-field-email form-row validate-required validate-email\" data-required-field-message=\"Please enter a valid email address.\" data-field-id=\"email\"><label class=\"evf-field-label\" for=\"evf-21-field_email\"><span class=\"evf-label\">Email<\/span> <abbr class=\"required\" title=\"Required\">*<\/abbr><\/label><input type=\"email\" id=\"evf-21-field_email\" class=\"input-text\" name=\"everest_forms[form_fields][email]\" required ><\/div><div id=\"evf-21-field_AXijzPPftI-3-container\" class=\"evf-field evf-field-text form-row validate-required\" data-required-field-message=\"This field is required.\" data-field-id=\"AXijzPPftI-3\"><label class=\"evf-field-label\" for=\"evf-21-field_AXijzPPftI-3\"><span class=\"evf-label\">Num\u00e9ro de t\u00e9l\u00e9phone<\/span> <abbr class=\"required\" title=\"Required\">*<\/abbr><\/label><input type=\"text\" id=\"evf-21-field_AXijzPPftI-3\" class=\"input-text\" name=\"everest_forms[form_fields][AXijzPPftI-3]\" required><\/div><div id=\"evf-21-field_m4aqLJk78S-4-container\" class=\"evf-field evf-field-text form-row validate-required\" data-required-field-message=\"This field is required.\" data-field-id=\"m4aqLJk78S-4\"><label class=\"evf-field-label\" for=\"evf-21-field_m4aqLJk78S-4\"><span class=\"evf-label\">Adresse<\/span> <abbr class=\"required\" title=\"Required\">*<\/abbr><\/label><input type=\"text\" id=\"evf-21-field_m4aqLJk78S-4\" class=\"input-text\" name=\"everest_forms[form_fields][m4aqLJk78S-4]\" required><\/div><div id=\"evf-21-field_uxcS5vEvGI-7-container\" class=\"evf-field evf-field-number form-row\" data-field-id=\"uxcS5vEvGI-7\"><label class=\"evf-field-label\" for=\"evf-21-field_uxcS5vEvGI-7\"><span class=\"evf-label\">Nombre de sets vaisselle (couverts, assiette, (sous-)tasse \u00e0 caf\u00e9, verre \u00e0 vin) X 0,5 EUR<\/span> <\/label><input type=\"number\" id=\"evf-21-field_uxcS5vEvGI-7\" class=\"input-text\" name=\"everest_forms[form_fields][uxcS5vEvGI-7]\" step=\"1\" \/><\/div><div id=\"evf-21-field_gWfSrKN7Ly-8-container\" class=\"evf-field evf-field-radio form-row everest-forms-list-inline\" data-field-id=\"gWfSrKN7Ly-8\"><label class=\"evf-field-label\" for=\"evf-21-field_gWfSrKN7Ly-8\"><span class=\"evf-label\">Mode de paiement<\/span> <\/label><ul id=\"evf-21-field_gWfSrKN7Ly-8\" class=\" everest-forms-image-choices\"><li class=\"choice-1 depth-1 everest-forms-image-choices-item\"><label class=\"everest-forms-field-label-inline\" for=\"evf-21-field_gWfSrKN7Ly-8_1\"><span class=\"everest-forms-image-choices-image\"><img decoding=\"async\" src=\"http:\/\/pontillas.be\/wordpress\/wp-content\/uploads\/2022\/09\/caisse-e1663659983143.jpg\" alt=\"Cash lors du RDV\" title=\"Cash lors du RDV\"><\/span><br><input type=\"radio\" id=\"evf-21-field_gWfSrKN7Ly-8_1\" class=\"input-text\" name=\"everest_forms[form_fields][gWfSrKN7Ly-8]\" value=\"Cash lors du RDV\" tabindex=\"-1\"   ><label class=\"everest-forms-image-choices-label\">Cash lors du RDV<\/label><\/label><\/li><li class=\"choice-3 depth-1 everest-forms-image-choices-item\"><label class=\"everest-forms-field-label-inline\" for=\"evf-21-field_gWfSrKN7Ly-8_3\"><span class=\"everest-forms-image-choices-image\"><img decoding=\"async\" src=\"http:\/\/pontillas.be\/wordpress\/wp-content\/uploads\/2022\/09\/virement-e1664200440465.jpg\" alt=\"Virement sur le compte BE25 0682 2369 7282\" title=\"Virement sur le compte BE25 0682 2369 7282\"><\/span><br><input type=\"radio\" id=\"evf-21-field_gWfSrKN7Ly-8_3\" class=\"input-text\" name=\"everest_forms[form_fields][gWfSrKN7Ly-8]\" value=\"Virement sur le compte BE25 0682 2369 7282\" tabindex=\"-1\"   ><label class=\"everest-forms-image-choices-label\">Virement sur le compte BE25 0682 2369 7282<\/label><\/label><\/li><\/ul><\/div><div id=\"evf-21-field_iDfIK4mseB-1-container\" class=\"evf-field evf-field-date-time form-row validate-required\" data-required-field-message=\"This field is required.\" data-field-id=\"iDfIK4mseB-1\"><label class=\"evf-field-label\" for=\"evf-21-field_iDfIK4mseB-1\"><span class=\"evf-label\">Date<\/span> <abbr class=\"required\" title=\"Required\">*<\/abbr><\/label><input type=\"text\" id=\"evf-21-field_iDfIK4mseB-1\" class=\"flatpickr-field input-text\" name=\"everest_forms[form_fields][iDfIK4mseB-1]\" data-time-interval=\"15\" data-date-time=\"date\" data-mode=\"single\" data-locale=\"en\" data-date-format=\"Y-m-d\" required ><\/div><div id=\"evf-21-field_message-container\" class=\"evf-field evf-field-textarea form-row\" data-field-id=\"message\"><label class=\"evf-field-label\" for=\"evf-21-field_message\"><span class=\"evf-label\">Message<\/span> <\/label><textarea id=\"evf-21-field_message\" class=\"input-text\" name=\"everest_forms[form_fields][message]\"  ><\/textarea><\/div><\/div><\/div><\/div><div class=\"evf-honeypot-container evf-field-hp\"><label for=\"evf-21-field-hp\" class=\"evf-field-label\">Website<\/label><input type=\"text\" name=\"everest_forms[hp]\" id=\"evf-21-field-hp\" class=\"input-text\"><\/div><div class=\"evf-submit-container \" ><input type=\"hidden\" name=\"everest_forms[id]\" value=\"21\"><input type=\"hidden\" name=\"everest_forms[author]\" value=\"1\"><button type='submit' name='everest_forms[submit]' class='everest-forms-submit-button button evf-submit ' id='evf-submit-21' value='evf-submit' data-process-text=\"Processing\u2026\" conditional_rules='&quot;&quot;' conditional_id='evf-submit-21'  id=\"evf-submit-21\" aria-live=\"assertive\">Submit<\/button><\/div><\/form><\/div><!-- .evf-container --><\/div>\n","protected":false},"excerpt":{"rendered":"<p>Nous disposons d&#8217;assiettes 1 taille, couverts (fouchette, cuillet, couteau), verres (champagne, vins, bi\u00e8res &amp; long drink), tasse caf\u00e9, gobelets plastique. Le montant est de 0,5 \u20ac par set de vaisselle, \u00e0 verser sur le compte BE25 0682 2369 7282 lors [&hellip;]<\/p>\n","protected":false},"author":1,"featured_media":0,"parent":0,"menu_order":0,"comment_status":"closed","ping_status":"closed","template":"","meta":{"footnotes":""},"class_list":["post-22","page","type-page","status-publish","hentry","clearfix"],"_links":{"self":[{"href":"https:\/\/pontillas.be\/wordpress\/index.php\/wp-json\/wp\/v2\/pages\/22","targetHints":{"allow":["GET"]}}],"collection":[{"href":"https:\/\/pontillas.be\/wordpress\/index.php\/wp-json\/wp\/v2\/pages"}],"about":[{"href":"https:\/\/pontillas.be\/wordpress\/index.php\/wp-json\/wp\/v2\/types\/page"}],"author":[{"embeddable":true,"href":"https:\/\/pontillas.be\/wordpress\/index.php\/wp-json\/wp\/v2\/users\/1"}],"replies":[{"embeddable":true,"href":"https:\/\/pontillas.be\/wordpress\/index.php\/wp-json\/wp\/v2\/comments?post=22"}],"version-history":[{"count":10,"href":"https:\/\/pontillas.be\/wordpress\/index.php\/wp-json\/wp\/v2\/pages\/22\/revisions"}],"predecessor-version":[{"id":336,"href":"https:\/\/pontillas.be\/wordpress\/index.php\/wp-json\/wp\/v2\/pages\/22\/revisions\/336"}],"wp:attachment":[{"href":"https:\/\/pontillas.be\/wordpress\/index.php\/wp-json\/wp\/v2\/media?parent=22"}],"curies":[{"name":"wp","href":"https:\/\/api.w.org\/{rel}","templated":true}]}}